{"id":223,"date":"2025-07-24T16:00:53","date_gmt":"2025-07-24T14:00:53","guid":{"rendered":"https:\/\/carwash.uhoda.com\/?page_id=223"},"modified":"2025-12-31T12:13:55","modified_gmt":"2025-12-31T11:13:55","slug":"a-propos","status":"publish","type":"page","link":"https:\/\/carwash.uhoda.com\/en\/a-propos\/","title":{"rendered":"About"},"content":{"rendered":"<div data-elementor-type=\"wp-page\" data-elementor-id=\"223\" class=\"elementor elementor-223\" data-elementor-post-type=\"page\">\n\t\t\t\t<div class=\"elementor-element elementor-element-08de218 e-flex e-con-boxed e-con e-parent\" data-id=\"08de218\" data-element_type=\"container\" data-settings=\"{&quot;background_background&quot;:&quot;classic&quot;}\">\n\t\t\t\t\t<div class=\"e-con-inner\">\n\t\t<div class=\"elementor-element elementor-element-deadb12 e-con-full e-flex e-con e-child\" data-id=\"deadb12\" data-element_type=\"container\">\n\t\t\t\t<div class=\"elementor-element elementor-element-644e6c5 elementor-invisible elementor-widget elementor-widget-heading\" data-id=\"644e6c5\" data-element_type=\"widget\" data-settings=\"{&quot;_animation&quot;:&quot;fadeInUp&quot;}\" data-widget_type=\"heading.default\">\n\t\t\t\t\t<h1 class=\"elementor-heading-title elementor-size-default\">More than 60 years of experience at your service<\/h1>\t\t\t\t<\/div>\n\t\t\t\t<\/div>\n\t\t<div class=\"elementor-element elementor-element-2f49c61 e-con-full e-flex e-con e-child\" data-id=\"2f49c61\" data-element_type=\"container\">\n\t\t\t\t<div class=\"elementor-element elementor-element-f419fc8 elementor-invisible elementor-widget elementor-widget-text-editor\" data-id=\"f419fc8\" data-element_type=\"widget\" data-settings=\"{&quot;_animation&quot;:&quot;fadeInUp&quot;}\" data-widget_type=\"text-editor.default\">\n\t\t\t\t\t\t\t\t\t<p>The network Uhoda\u00a0<span class=\"il\">Car Wash<\/span>\u00a0and Self\u00a0<span class=\"il\">Wash<\/span> is accessible anywhere in Belgium, principally in Wallonia. Enjoy fast and efficient solutions to wash and maintain your vehicle.\u00a0<\/p>\t\t\t\t\t\t\t\t<\/div>\n\t\t\t\t<\/div>\n\t\t\t\t\t<\/div>\n\t\t\t\t<\/div>\n\t\t<div class=\"elementor-element elementor-element-4cf0142 e-flex e-con-boxed e-con e-parent\" data-id=\"4cf0142\" data-element_type=\"container\" data-settings=\"{&quot;background_background&quot;:&quot;slideshow&quot;,&quot;background_slideshow_gallery&quot;:[],&quot;background_slideshow_loop&quot;:&quot;yes&quot;,&quot;background_slideshow_slide_duration&quot;:5000,&quot;background_slideshow_slide_transition&quot;:&quot;fade&quot;,&quot;background_slideshow_transition_duration&quot;:500}\">\n\t\t\t\t\t<div class=\"e-con-inner\">\n\t\t<div class=\"elementor-element elementor-element-bfda07c e-con-full e-flex e-con e-child\" data-id=\"bfda07c\" data-element_type=\"container\">\n\t\t\t\t<div class=\"elementor-element elementor-element-8ded6d9 elementor-widget elementor-widget-image\" data-id=\"8ded6d9\" data-element_type=\"widget\" data-widget_type=\"image.default\">\n\t\t\t\t\t\t\t\t\t\t\t\t\t\t\t<img fetchpriority=\"high\" decoding=\"async\" width=\"800\" height=\"100\" src=\"https:\/\/carwash.uhoda.com\/wp-content\/uploads\/2025\/10\/Uhoda_Pattern_2.svg\" class=\"attachment-large size-large wp-image-458\" alt=\"\" \/>\t\t\t\t\t\t\t\t\t\t\t\t\t\t\t<\/div>\n\t\t\t\t<\/div>\n\t\t<div class=\"elementor-element elementor-element-fe3bdcd e-con-full elementor-hidden-mobile e-flex e-con e-child\" data-id=\"fe3bdcd\" data-element_type=\"container\">\n\t\t\t\t<\/div>\n\t\t\t\t\t<\/div>\n\t\t\t\t<\/div>\n\t\t<div class=\"elementor-element elementor-element-d778822 e-flex e-con-boxed e-con e-parent\" data-id=\"d778822\" data-element_type=\"container\" data-settings=\"{&quot;background_background&quot;:&quot;classic&quot;}\">\n\t\t\t\t\t<div class=\"e-con-inner\">\n\t\t<div class=\"elementor-element elementor-element-c9998a8 e-con-full e-flex e-con e-child\" data-id=\"c9998a8\" data-element_type=\"container\">\n\t\t\t\t<div class=\"elementor-element elementor-element-1ce1880 elementor-invisible elementor-widget elementor-widget-heading\" data-id=\"1ce1880\" data-element_type=\"widget\" data-settings=\"{&quot;_animation&quot;:&quot;fadeInUp&quot;}\" data-widget_type=\"heading.default\">\n\t\t\t\t\t<h3 class=\"elementor-heading-title elementor-size-default\">Commitment environmental<\/h3>\t\t\t\t<\/div>\n\t\t\t\t<div class=\"elementor-element elementor-element-3a3873d elementor-invisible elementor-widget elementor-widget-text-editor\" data-id=\"3a3873d\" data-element_type=\"widget\" data-settings=\"{&quot;_animation&quot;:&quot;fadeInUp&quot;}\" data-widget_type=\"text-editor.default\">\n\t\t\t\t\t\t\t\t\t<p>We use biodegradable products and systems to reuse the water in order to limit the environmental impact of our stations, while ensuring a thorough cleaning.<\/p>\t\t\t\t\t\t\t\t<\/div>\n\t\t\t\t<\/div>\n\t\t<div class=\"elementor-element elementor-element-5b001cf e-con-full e-flex e-con e-child\" data-id=\"5b001cf\" data-element_type=\"container\">\n\t\t\t\t<div class=\"elementor-element elementor-element-570fd86 elementor-invisible elementor-widget elementor-widget-image\" data-id=\"570fd86\" data-element_type=\"widget\" data-settings=\"{&quot;_animation&quot;:&quot;fadeIn&quot;}\" data-widget_type=\"image.default\">\n\t\t\t\t\t\t\t\t\t\t\t\t\t\t\t<img decoding=\"async\" width=\"800\" height=\"800\" src=\"https:\/\/carwash.uhoda.com\/wp-content\/uploads\/2025\/07\/Carwash_7-1024x1024.webp\" class=\"attachment-large size-large wp-image-250\" alt=\"\" srcset=\"https:\/\/carwash.uhoda.com\/wp-content\/uploads\/2025\/07\/Carwash_7-1024x1024.webp 1024w, https:\/\/carwash.uhoda.com\/wp-content\/uploads\/2025\/07\/Carwash_7-300x300.webp 300w, https:\/\/carwash.uhoda.com\/wp-content\/uploads\/2025\/07\/Carwash_7-150x150.webp 150w, https:\/\/carwash.uhoda.com\/wp-content\/uploads\/2025\/07\/Carwash_7-768x768.webp 768w, https:\/\/carwash.uhoda.com\/wp-content\/uploads\/2025\/07\/Carwash_7-1536x1536.webp 1536w, https:\/\/carwash.uhoda.com\/wp-content\/uploads\/2025\/07\/Carwash_7.webp 1637w\" sizes=\"(max-width: 800px) 100vw, 800px\" \/>\t\t\t\t\t\t\t\t\t\t\t\t\t\t\t<\/div>\n\t\t\t\t<\/div>\n\t\t\t\t\t<\/div>\n\t\t\t\t<\/div>\n\t\t<div class=\"elementor-element elementor-element-1943d44 e-flex e-con-boxed e-con e-parent\" data-id=\"1943d44\" data-element_type=\"container\" data-settings=\"{&quot;background_background&quot;:&quot;classic&quot;}\">\n\t\t\t\t\t<div class=\"e-con-inner\">\n\t\t<div class=\"elementor-element elementor-element-7a26ace e-con-full e-flex e-con e-child\" data-id=\"7a26ace\" data-element_type=\"container\">\n\t\t\t\t<div class=\"elementor-element elementor-element-6d184c1 elementor-invisible elementor-widget elementor-widget-image\" data-id=\"6d184c1\" data-element_type=\"widget\" data-settings=\"{&quot;_animation&quot;:&quot;fadeIn&quot;}\" data-widget_type=\"image.default\">\n\t\t\t\t\t\t\t\t\t\t\t\t\t\t\t<img decoding=\"async\" width=\"800\" height=\"800\" src=\"https:\/\/carwash.uhoda.com\/wp-content\/uploads\/2025\/07\/Carwash_4-1024x1024.webp\" class=\"attachment-large size-large wp-image-249\" alt=\"\" srcset=\"https:\/\/carwash.uhoda.com\/wp-content\/uploads\/2025\/07\/Carwash_4-1024x1024.webp 1024w, https:\/\/carwash.uhoda.com\/wp-content\/uploads\/2025\/07\/Carwash_4-300x300.webp 300w, https:\/\/carwash.uhoda.com\/wp-content\/uploads\/2025\/07\/Carwash_4-150x150.webp 150w, https:\/\/carwash.uhoda.com\/wp-content\/uploads\/2025\/07\/Carwash_4-768x768.webp 768w, https:\/\/carwash.uhoda.com\/wp-content\/uploads\/2025\/07\/Carwash_4-1536x1536.webp 1536w, https:\/\/carwash.uhoda.com\/wp-content\/uploads\/2025\/07\/Carwash_4.webp 1666w\" sizes=\"(max-width: 800px) 100vw, 800px\" \/>\t\t\t\t\t\t\t\t\t\t\t\t\t\t\t<\/div>\n\t\t\t\t<\/div>\n\t\t<div class=\"elementor-element elementor-element-466850a e-con-full e-flex e-con e-child\" data-id=\"466850a\" data-element_type=\"container\">\n\t\t\t\t<div class=\"elementor-element elementor-element-3563783 elementor-invisible elementor-widget elementor-widget-heading\" data-id=\"3563783\" data-element_type=\"widget\" data-settings=\"{&quot;_animation&quot;:&quot;fadeInUp&quot;}\" data-widget_type=\"heading.default\">\n\t\t\t\t\t<h3 class=\"elementor-heading-title elementor-size-default\">History<\/h3>\t\t\t\t<\/div>\n\t\t\t\t<div class=\"elementor-element elementor-element-cd1ff17 elementor-invisible elementor-widget elementor-widget-text-editor\" data-id=\"cd1ff17\" data-element_type=\"widget\" data-settings=\"{&quot;_animation&quot;:&quot;fadeInUp&quot;}\" data-widget_type=\"text-editor.default\">\n\t\t\t\t\t\t\t\t\t<div>Born to a family-run business, our network has grown over the decades to become a reference in Wallonia.<\/div><div>\u00a0<\/div><div>Since the opening of our first washing station, we kept the same goal : to offer a service that is reliable, fast and quality.<\/div>\t\t\t\t\t\t\t\t<\/div>\n\t\t\t\t<\/div>\n\t\t\t\t\t<\/div>\n\t\t\t\t<\/div>\n\t\t\t\t<\/div>","protected":false},"excerpt":{"rendered":"<p>Plus de 60 ans d\u2019exp\u00e9rience \u00e0 votre service Le r\u00e9seau Uhoda\u00a0Car Wash\u00a0et Self\u00a0Wash est accessible partout en Belgique, principalement en Wallonie. Profitez de solutions rapides et efficaces pour laver et entretenir vos v\u00e9hicules.\u00a0 Engagement environnemental Nous utilisons des produits biod\u00e9gradables et des syst\u00e8mes de r\u00e9utilisation de l\u2019eau afin de limiter l\u2019impact environnemental de nos stations, [&hellip;]<\/p>","protected":false},"author":1,"featured_media":0,"parent":0,"menu_order":0,"comment_status":"closed","ping_status":"closed","template":"","meta":{"footnotes":""},"class_list":["post-223","page","type-page","status-publish","hentry"],"yoast_head":"<!-- This site is optimized with the Yoast SEO plugin v25.5 - https:\/\/yoast.com\/wordpress\/plugins\/seo\/ -->\n<title>\u00c0 Propos - UHODA CARWASH<\/title>\n<meta name=\"robots\" content=\"index, follow, max-snippet:-1, max-image-preview:large, max-video-preview:-1\" \/>\n<link rel=\"canonical\" href=\"https:\/\/carwash.uhoda.com\/en\/a-propos\/\" \/>\n<meta property=\"og:locale\" content=\"en_GB\" \/>\n<meta property=\"og:type\" content=\"article\" \/>\n<meta property=\"og:title\" content=\"\u00c0 Propos - UHODA CARWASH\" \/>\n<meta property=\"og:description\" content=\"Plus de 60 ans d\u2019exp\u00e9rience \u00e0 votre service Le r\u00e9seau Uhoda\u00a0Car Wash\u00a0et Self\u00a0Wash est accessible partout en Belgique, principalement en Wallonie. Profitez de solutions rapides et efficaces pour laver et entretenir vos v\u00e9hicules.\u00a0 Engagement environnemental Nous utilisons des produits biod\u00e9gradables et des syst\u00e8mes de r\u00e9utilisation de l\u2019eau afin de limiter l\u2019impact environnemental de nos stations, [&hellip;]\" \/>\n<meta property=\"og:url\" content=\"https:\/\/carwash.uhoda.com\/en\/a-propos\/\" \/>\n<meta property=\"og:site_name\" content=\"UHODA CARWASH\" \/>\n<meta property=\"article:modified_time\" content=\"2025-12-31T11:13:55+00:00\" \/>\n<meta name=\"twitter:card\" content=\"summary_large_image\" \/>\n<meta name=\"twitter:label1\" content=\"Estimated reading time\" \/>\n\t<meta name=\"twitter:data1\" content=\"1 minute\" \/>\n<script type=\"application\/ld+json\" class=\"yoast-schema-graph\">{\"@context\":\"https:\/\/schema.org\",\"@graph\":[{\"@type\":\"WebPage\",\"@id\":\"https:\/\/carwash.uhoda.com\/a-propos\/\",\"url\":\"https:\/\/carwash.uhoda.com\/a-propos\/\",\"name\":\"\u00c0 Propos - UHODA CARWASH\",\"isPartOf\":{\"@id\":\"https:\/\/carwash.uhoda.com\/#website\"},\"primaryImageOfPage\":{\"@id\":\"https:\/\/carwash.uhoda.com\/a-propos\/#primaryimage\"},\"image\":{\"@id\":\"https:\/\/carwash.uhoda.com\/a-propos\/#primaryimage\"},\"thumbnailUrl\":\"https:\/\/carwash.uhoda.com\/wp-content\/uploads\/2025\/10\/Uhoda_Pattern_2.svg\",\"datePublished\":\"2025-07-24T14:00:53+00:00\",\"dateModified\":\"2025-12-31T11:13:55+00:00\",\"breadcrumb\":{\"@id\":\"https:\/\/carwash.uhoda.com\/a-propos\/#breadcrumb\"},\"inLanguage\":\"en-GB\",\"potentialAction\":[{\"@type\":\"ReadAction\",\"target\":[\"https:\/\/carwash.uhoda.com\/a-propos\/\"]}]},{\"@type\":\"ImageObject\",\"inLanguage\":\"en-GB\",\"@id\":\"https:\/\/carwash.uhoda.com\/a-propos\/#primaryimage\",\"url\":\"https:\/\/carwash.uhoda.com\/wp-content\/uploads\/2025\/10\/Uhoda_Pattern_2.svg\",\"contentUrl\":\"https:\/\/carwash.uhoda.com\/wp-content\/uploads\/2025\/10\/Uhoda_Pattern_2.svg\"},{\"@type\":\"BreadcrumbList\",\"@id\":\"https:\/\/carwash.uhoda.com\/a-propos\/#breadcrumb\",\"itemListElement\":[{\"@type\":\"ListItem\",\"position\":1,\"name\":\"Accueil\",\"item\":\"https:\/\/carwash.uhoda.com\/\"},{\"@type\":\"ListItem\",\"position\":2,\"name\":\"\u00c0 Propos\"}]},{\"@type\":\"WebSite\",\"@id\":\"https:\/\/carwash.uhoda.com\/#website\",\"url\":\"https:\/\/carwash.uhoda.com\/\",\"name\":\"UHODA CARWASH\",\"description\":\"\",\"potentialAction\":[{\"@type\":\"SearchAction\",\"target\":{\"@type\":\"EntryPoint\",\"urlTemplate\":\"https:\/\/carwash.uhoda.com\/?s={search_term_string}\"},\"query-input\":{\"@type\":\"PropertyValueSpecification\",\"valueRequired\":true,\"valueName\":\"search_term_string\"}}],\"inLanguage\":\"en-GB\"}]}<\/script>\n<!-- \/ Yoast SEO plugin. -->","yoast_head_json":{"title":"\u00c0 Propos - UHODA CARWASH","robots":{"index":"index","follow":"follow","max-snippet":"max-snippet:-1","max-image-preview":"max-image-preview:large","max-video-preview":"max-video-preview:-1"},"canonical":"https:\/\/carwash.uhoda.com\/en\/a-propos\/","og_locale":"en_GB","og_type":"article","og_title":"\u00c0 Propos - UHODA CARWASH","og_description":"Plus de 60 ans d\u2019exp\u00e9rience \u00e0 votre service Le r\u00e9seau Uhoda\u00a0Car Wash\u00a0et Self\u00a0Wash est accessible partout en Belgique, principalement en Wallonie. Profitez de solutions rapides et efficaces pour laver et entretenir vos v\u00e9hicules.\u00a0 Engagement environnemental Nous utilisons des produits biod\u00e9gradables et des syst\u00e8mes de r\u00e9utilisation de l\u2019eau afin de limiter l\u2019impact environnemental de nos stations, [&hellip;]","og_url":"https:\/\/carwash.uhoda.com\/en\/a-propos\/","og_site_name":"UHODA CARWASH","article_modified_time":"2025-12-31T11:13:55+00:00","twitter_card":"summary_large_image","twitter_misc":{"Estimated reading time":"1 minute"},"schema":{"@context":"https:\/\/schema.org","@graph":[{"@type":"WebPage","@id":"https:\/\/carwash.uhoda.com\/a-propos\/","url":"https:\/\/carwash.uhoda.com\/a-propos\/","name":"\u00c0 Propos - UHODA CARWASH","isPartOf":{"@id":"https:\/\/carwash.uhoda.com\/#website"},"primaryImageOfPage":{"@id":"https:\/\/carwash.uhoda.com\/a-propos\/#primaryimage"},"image":{"@id":"https:\/\/carwash.uhoda.com\/a-propos\/#primaryimage"},"thumbnailUrl":"https:\/\/carwash.uhoda.com\/wp-content\/uploads\/2025\/10\/Uhoda_Pattern_2.svg","datePublished":"2025-07-24T14:00:53+00:00","dateModified":"2025-12-31T11:13:55+00:00","breadcrumb":{"@id":"https:\/\/carwash.uhoda.com\/a-propos\/#breadcrumb"},"inLanguage":"en-GB","potentialAction":[{"@type":"ReadAction","target":["https:\/\/carwash.uhoda.com\/a-propos\/"]}]},{"@type":"ImageObject","inLanguage":"en-GB","@id":"https:\/\/carwash.uhoda.com\/a-propos\/#primaryimage","url":"https:\/\/carwash.uhoda.com\/wp-content\/uploads\/2025\/10\/Uhoda_Pattern_2.svg","contentUrl":"https:\/\/carwash.uhoda.com\/wp-content\/uploads\/2025\/10\/Uhoda_Pattern_2.svg"},{"@type":"BreadcrumbList","@id":"https:\/\/carwash.uhoda.com\/a-propos\/#breadcrumb","itemListElement":[{"@type":"ListItem","position":1,"name":"Accueil","item":"https:\/\/carwash.uhoda.com\/"},{"@type":"ListItem","position":2,"name":"\u00c0 Propos"}]},{"@type":"WebSite","@id":"https:\/\/carwash.uhoda.com\/#website","url":"https:\/\/carwash.uhoda.com\/","name":"UHODA CARWASH","description":"","potentialAction":[{"@type":"SearchAction","target":{"@type":"EntryPoint","urlTemplate":"https:\/\/carwash.uhoda.com\/?s={search_term_string}"},"query-input":{"@type":"PropertyValueSpecification","valueRequired":true,"valueName":"search_term_string"}}],"inLanguage":"en-GB"}]}},"_links":{"self":[{"href":"https:\/\/carwash.uhoda.com\/en\/wp-json\/wp\/v2\/pages\/223","targetHints":{"allow":["GET"]}}],"collection":[{"href":"https:\/\/carwash.uhoda.com\/en\/wp-json\/wp\/v2\/pages"}],"about":[{"href":"https:\/\/carwash.uhoda.com\/en\/wp-json\/wp\/v2\/types\/page"}],"author":[{"embeddable":true,"href":"https:\/\/carwash.uhoda.com\/en\/wp-json\/wp\/v2\/users\/1"}],"replies":[{"embeddable":true,"href":"https:\/\/carwash.uhoda.com\/en\/wp-json\/wp\/v2\/comments?post=223"}],"version-history":[{"count":40,"href":"https:\/\/carwash.uhoda.com\/en\/wp-json\/wp\/v2\/pages\/223\/revisions"}],"predecessor-version":[{"id":1003,"href":"https:\/\/carwash.uhoda.com\/en\/wp-json\/wp\/v2\/pages\/223\/revisions\/1003"}],"wp:attachment":[{"href":"https:\/\/carwash.uhoda.com\/en\/wp-json\/wp\/v2\/media?parent=223"}],"curies":[{"name":"wp","href":"https:\/\/api.w.org\/{rel}","templated":true}]}}