{"id":158,"date":"2025-07-24T13:16:13","date_gmt":"2025-07-24T11:16:13","guid":{"rendered":"https:\/\/carwash.uhoda.com\/?page_id=158"},"modified":"2025-11-28T14:43:11","modified_gmt":"2025-11-28T13:43:11","slug":"truck-wash","status":"publish","type":"page","link":"https:\/\/carwash.uhoda.com\/en\/truck-wash\/","title":{"rendered":"Truck Wash"},"content":{"rendered":"<div data-elementor-type=\"wp-page\" data-elementor-id=\"158\" class=\"elementor elementor-158\" data-elementor-post-type=\"page\">\n\t\t\t\t<div class=\"elementor-element elementor-element-6e26138 e-flex e-con-boxed e-con e-parent\" data-id=\"6e26138\" data-element_type=\"container\" data-settings=\"{&quot;background_background&quot;:&quot;slideshow&quot;,&quot;background_slideshow_gallery&quot;:[{&quot;id&quot;:866,&quot;url&quot;:&quot;https:\\\/\\\/carwash.uhoda.com\\\/wp-content\\\/uploads\\\/2025\\\/11\\\/DSC3223.webp&quot;}],&quot;background_slideshow_loop&quot;:&quot;yes&quot;,&quot;background_slideshow_slide_duration&quot;:5000,&quot;background_slideshow_slide_transition&quot;:&quot;fade&quot;,&quot;background_slideshow_transition_duration&quot;:500}\">\n\t\t\t\t\t<div class=\"e-con-inner\">\n\t\t\t\t<div class=\"elementor-element elementor-element-94210a0 elementor-invisible elementor-widget elementor-widget-heading\" data-id=\"94210a0\" data-element_type=\"widget\" data-settings=\"{&quot;_animation&quot;:&quot;fadeInUp&quot;}\" data-widget_type=\"heading.default\">\n\t\t\t\t\t<h1 class=\"elementor-heading-title elementor-size-default\">Large. Secure. <br>Thought for the pros.\n<\/h1>\t\t\t\t<\/div>\n\t\t\t\t\t<\/div>\n\t\t\t\t<\/div>\n\t\t<div class=\"elementor-element elementor-element-08de218 e-flex e-con-boxed e-con e-parent\" data-id=\"08de218\" data-element_type=\"container\" data-settings=\"{&quot;background_background&quot;:&quot;classic&quot;}\">\n\t\t\t\t\t<div class=\"e-con-inner\">\n\t\t<div class=\"elementor-element elementor-element-2f49c61 e-con-full e-flex e-con e-child\" data-id=\"2f49c61\" data-element_type=\"container\">\n\t\t\t\t<div class=\"elementor-element elementor-element-4292c31 elementor-invisible elementor-widget elementor-widget-heading\" data-id=\"4292c31\" data-element_type=\"widget\" data-settings=\"{&quot;_animation&quot;:&quot;fadeInUp&quot;}\" data-widget_type=\"heading.default\">\n\t\t\t\t\t<h3 class=\"elementor-heading-title elementor-size-default\">Facilities<\/h3>\t\t\t\t<\/div>\n\t\t\t\t<div class=\"elementor-element elementor-element-f419fc8 elementor-invisible elementor-widget elementor-widget-text-editor\" data-id=\"f419fc8\" data-element_type=\"widget\" data-settings=\"{&quot;_animation&quot;:&quot;fadeInUp&quot;}\" data-widget_type=\"text-editor.default\">\n\t\t\t\t\t\t\t\t\t<ul><li>Tracks XXL : suitable for all types of trucks and bus<\/li><li>Guns high pressure &amp; high flow rate : wash fast and efficient<\/li><li>Pumps AdBlue : refuel at the same time<\/li><li>Health &amp; showers for a true moment of pause<\/li><li>Vacuum cleaners Self-service<\/li><\/ul>\t\t\t\t\t\t\t\t<\/div>\n\t\t\t\t<\/div>\n\t\t<div class=\"elementor-element elementor-element-d0747aa e-con-full e-flex e-con e-child\" data-id=\"d0747aa\" data-element_type=\"container\">\n\t\t\t\t<div class=\"elementor-element elementor-element-f7e8396 elementor-invisible elementor-widget elementor-widget-image\" data-id=\"f7e8396\" data-element_type=\"widget\" data-settings=\"{&quot;_animation&quot;:&quot;fadeIn&quot;}\" data-widget_type=\"image.default\">\n\t\t\t\t\t\t\t\t\t\t\t\t\t\t\t<img decoding=\"async\" width=\"161\" height=\"161\" src=\"https:\/\/carwash.uhoda.com\/wp-content\/uploads\/2025\/07\/Carwash_Icon7.svg\" class=\"attachment-large size-large wp-image-166\" alt=\"\" \/>\t\t\t\t\t\t\t\t\t\t\t\t\t\t\t<\/div>\n\t\t\t\t<\/div>\n\t\t\t\t\t<\/div>\n\t\t\t\t<\/div>\n\t\t<div class=\"elementor-element elementor-element-0f4d165 e-flex e-con-boxed e-con e-parent\" data-id=\"0f4d165\" data-element_type=\"container\" data-settings=\"{&quot;background_background&quot;:&quot;classic&quot;}\">\n\t\t\t\t\t<div class=\"e-con-inner\">\n\t\t<div class=\"elementor-element elementor-element-4dba988 e-con-full e-flex e-con e-child\" data-id=\"4dba988\" data-element_type=\"container\">\n\t\t\t\t<div class=\"elementor-element elementor-element-675a3be elementor-invisible elementor-widget elementor-widget-image\" data-id=\"675a3be\" data-element_type=\"widget\" data-settings=\"{&quot;_animation&quot;:&quot;fadeIn&quot;}\" data-widget_type=\"image.default\">\n\t\t\t\t\t\t\t\t\t\t\t\t\t\t\t<img fetchpriority=\"high\" decoding=\"async\" width=\"800\" height=\"800\" src=\"https:\/\/carwash.uhoda.com\/wp-content\/uploads\/2025\/11\/Capture-decran-2025-11-24-a-17.07.48.webp\" class=\"attachment-large size-large wp-image-869\" alt=\"\" srcset=\"https:\/\/carwash.uhoda.com\/wp-content\/uploads\/2025\/11\/Capture-decran-2025-11-24-a-17.07.48.webp 970w, https:\/\/carwash.uhoda.com\/wp-content\/uploads\/2025\/11\/Capture-decran-2025-11-24-a-17.07.48-300x300.webp 300w, https:\/\/carwash.uhoda.com\/wp-content\/uploads\/2025\/11\/Capture-decran-2025-11-24-a-17.07.48-150x150.webp 150w, https:\/\/carwash.uhoda.com\/wp-content\/uploads\/2025\/11\/Capture-decran-2025-11-24-a-17.07.48-768x768.webp 768w\" sizes=\"(max-width: 800px) 100vw, 800px\" \/>\t\t\t\t\t\t\t\t\t\t\t\t\t\t\t<\/div>\n\t\t\t\t<\/div>\n\t\t<div class=\"elementor-element elementor-element-30baae3 e-con-full e-flex e-con e-child\" data-id=\"30baae3\" data-element_type=\"container\">\n\t\t\t\t<div class=\"elementor-element elementor-element-d54ae84 elementor-invisible elementor-widget elementor-widget-heading\" data-id=\"d54ae84\" data-element_type=\"widget\" data-settings=\"{&quot;_animation&quot;:&quot;fadeInUp&quot;}\" data-widget_type=\"heading.default\">\n\t\t\t\t\t<h3 class=\"elementor-heading-title elementor-size-default\">Benefits<\/h3>\t\t\t\t<\/div>\n\t\t\t\t<div class=\"elementor-element elementor-element-9c179fb elementor-invisible elementor-widget elementor-widget-text-editor\" data-id=\"9c179fb\" data-element_type=\"widget\" data-settings=\"{&quot;_animation&quot;:&quot;fadeInUp&quot;}\" data-widget_type=\"text-editor.default\">\n\t\t\t\t\t\t\t\t\t<p>Save your time : wash express on facilities<\/p><ul><li>Ride clean and pro : vehicle impeccable, picture-neat<\/li><li><span style=\"background-color: transparent;\">Comfort guaranteed : showers, toilets, snacks on-the-spot<\/span><\/li><li>All in a single stop : washing, AdBlue, pause and supplies<\/li><\/ul>\t\t\t\t\t\t\t\t<\/div>\n\t\t\t\t<\/div>\n\t\t\t\t\t<\/div>\n\t\t\t\t<\/div>\n\t\t<div class=\"elementor-element elementor-element-4e599ec e-flex e-con-boxed e-con e-parent\" data-id=\"4e599ec\" data-element_type=\"container\" data-settings=\"{&quot;background_background&quot;:&quot;classic&quot;}\">\n\t\t\t\t\t<div class=\"e-con-inner\">\n\t\t\t\t<div class=\"elementor-element elementor-element-a55792b elementor-invisible elementor-widget elementor-widget-heading\" data-id=\"a55792b\" data-element_type=\"widget\" data-settings=\"{&quot;_animation&quot;:&quot;fadeInUp&quot;}\" data-widget_type=\"heading.default\">\n\t\t\t\t\t<h2 class=\"elementor-heading-title elementor-size-default\">Vliegveld, 708<br>Steenokkerzeel 1931\n<\/h2>\t\t\t\t<\/div>\n\t\t\t\t<div class=\"elementor-element elementor-element-0cd519c elementor-invisible elementor-widget elementor-widget-google_maps\" data-id=\"0cd519c\" data-element_type=\"widget\" data-settings=\"{&quot;_animation&quot;:&quot;fadeIn&quot;}\" data-widget_type=\"google_maps.default\">\n\t\t\t\t\t\t\t<div class=\"elementor-custom-embed\">\n\t\t\t<iframe loading=\"lazy\"\n\t\t\t\t\tsrc=\"https:\/\/maps.google.com\/maps?q=Vliegveld%20708%2C%20Steenokkerzeel%201931&#038;t=m&#038;z=13&#038;output=embed&#038;iwloc=near\"\n\t\t\t\t\ttitle=\"Vliegveld 708, Steenokkerzeel 1931\"\n\t\t\t\t\taria-label=\"Vliegveld 708, Steenokkerzeel 1931\"\n\t\t\t><\/iframe>\n\t\t<\/div>\n\t\t\t\t\t\t<\/div>\n\t\t\t\t\t<\/div>\n\t\t\t\t<\/div>\n\t\t\t\t<\/div>","protected":false},"excerpt":{"rendered":"<p>Grand. S\u00e9curis\u00e9. Pens\u00e9 pour les pros. Installations Pistes XXL\u202f: adapt\u00e9es \u00e0 tous les types de camions et bus Pistolets haute pression &amp; haut d\u00e9bit\u202f: lavage rapide et efficace Pompes AdBlue\u202f: faites le plein en m\u00eame temps Sanitaires &amp; douches pour un vrai moment de pause Aspirateurs en Self-service B\u00e9n\u00e9fices Gagnez du temps\u202f: lavage express sur [&hellip;]<\/p>","protected":false},"author":1,"featured_media":0,"parent":0,"menu_order":0,"comment_status":"closed","ping_status":"closed","template":"","meta":{"footnotes":""},"class_list":["post-158","page","type-page","status-publish","hentry"],"yoast_head":"<!-- This site is optimized with the Yoast SEO plugin v25.5 - https:\/\/yoast.com\/wordpress\/plugins\/seo\/ -->\n<title>Truck Wash - UHODA CARWASH<\/title>\n<meta name=\"robots\" content=\"index, follow, max-snippet:-1, max-image-preview:large, max-video-preview:-1\" \/>\n<link rel=\"canonical\" href=\"https:\/\/carwash.uhoda.com\/en\/truck-wash\/\" \/>\n<meta property=\"og:locale\" content=\"en_GB\" \/>\n<meta property=\"og:type\" content=\"article\" \/>\n<meta property=\"og:title\" content=\"Truck Wash - UHODA CARWASH\" \/>\n<meta property=\"og:description\" content=\"Grand. S\u00e9curis\u00e9. Pens\u00e9 pour les pros. Installations Pistes XXL\u202f: adapt\u00e9es \u00e0 tous les types de camions et bus Pistolets haute pression &amp; haut d\u00e9bit\u202f: lavage rapide et efficace Pompes AdBlue\u202f: faites le plein en m\u00eame temps Sanitaires &amp; douches pour un vrai moment de pause Aspirateurs en Self-service B\u00e9n\u00e9fices Gagnez du temps\u202f: lavage express sur [&hellip;]\" \/>\n<meta property=\"og:url\" content=\"https:\/\/carwash.uhoda.com\/en\/truck-wash\/\" \/>\n<meta property=\"og:site_name\" content=\"UHODA CARWASH\" \/>\n<meta property=\"article:modified_time\" content=\"2025-11-28T13:43:11+00:00\" \/>\n<meta name=\"twitter:card\" content=\"summary_large_image\" \/>\n<meta name=\"twitter:label1\" content=\"Estimated reading time\" \/>\n\t<meta name=\"twitter:data1\" content=\"1 minute\" \/>\n<script type=\"application\/ld+json\" class=\"yoast-schema-graph\">{\"@context\":\"https:\/\/schema.org\",\"@graph\":[{\"@type\":\"WebPage\",\"@id\":\"https:\/\/carwash.uhoda.com\/truck-wash\/\",\"url\":\"https:\/\/carwash.uhoda.com\/truck-wash\/\",\"name\":\"Truck Wash - UHODA CARWASH\",\"isPartOf\":{\"@id\":\"https:\/\/carwash.uhoda.com\/#website\"},\"primaryImageOfPage\":{\"@id\":\"https:\/\/carwash.uhoda.com\/truck-wash\/#primaryimage\"},\"image\":{\"@id\":\"https:\/\/carwash.uhoda.com\/truck-wash\/#primaryimage\"},\"thumbnailUrl\":\"https:\/\/carwash.uhoda.com\/wp-content\/uploads\/2025\/07\/Carwash_Icon7.svg\",\"datePublished\":\"2025-07-24T11:16:13+00:00\",\"dateModified\":\"2025-11-28T13:43:11+00:00\",\"breadcrumb\":{\"@id\":\"https:\/\/carwash.uhoda.com\/truck-wash\/#breadcrumb\"},\"inLanguage\":\"en-GB\",\"potentialAction\":[{\"@type\":\"ReadAction\",\"target\":[\"https:\/\/carwash.uhoda.com\/truck-wash\/\"]}]},{\"@type\":\"ImageObject\",\"inLanguage\":\"en-GB\",\"@id\":\"https:\/\/carwash.uhoda.com\/truck-wash\/#primaryimage\",\"url\":\"https:\/\/carwash.uhoda.com\/wp-content\/uploads\/2025\/07\/Carwash_Icon7.svg\",\"contentUrl\":\"https:\/\/carwash.uhoda.com\/wp-content\/uploads\/2025\/07\/Carwash_Icon7.svg\"},{\"@type\":\"BreadcrumbList\",\"@id\":\"https:\/\/carwash.uhoda.com\/truck-wash\/#breadcrumb\",\"itemListElement\":[{\"@type\":\"ListItem\",\"position\":1,\"name\":\"Accueil\",\"item\":\"https:\/\/carwash.uhoda.com\/\"},{\"@type\":\"ListItem\",\"position\":2,\"name\":\"Truck Wash\"}]},{\"@type\":\"WebSite\",\"@id\":\"https:\/\/carwash.uhoda.com\/#website\",\"url\":\"https:\/\/carwash.uhoda.com\/\",\"name\":\"UHODA CARWASH\",\"description\":\"\",\"potentialAction\":[{\"@type\":\"SearchAction\",\"target\":{\"@type\":\"EntryPoint\",\"urlTemplate\":\"https:\/\/carwash.uhoda.com\/?s={search_term_string}\"},\"query-input\":{\"@type\":\"PropertyValueSpecification\",\"valueRequired\":true,\"valueName\":\"search_term_string\"}}],\"inLanguage\":\"en-GB\"}]}<\/script>\n<!-- \/ Yoast SEO plugin. -->","yoast_head_json":{"title":"Truck Wash - UHODA CARWASH","robots":{"index":"index","follow":"follow","max-snippet":"max-snippet:-1","max-image-preview":"max-image-preview:large","max-video-preview":"max-video-preview:-1"},"canonical":"https:\/\/carwash.uhoda.com\/en\/truck-wash\/","og_locale":"en_GB","og_type":"article","og_title":"Truck Wash - UHODA CARWASH","og_description":"Grand. S\u00e9curis\u00e9. Pens\u00e9 pour les pros. Installations Pistes XXL\u202f: adapt\u00e9es \u00e0 tous les types de camions et bus Pistolets haute pression &amp; haut d\u00e9bit\u202f: lavage rapide et efficace Pompes AdBlue\u202f: faites le plein en m\u00eame temps Sanitaires &amp; douches pour un vrai moment de pause Aspirateurs en Self-service B\u00e9n\u00e9fices Gagnez du temps\u202f: lavage express sur [&hellip;]","og_url":"https:\/\/carwash.uhoda.com\/en\/truck-wash\/","og_site_name":"UHODA CARWASH","article_modified_time":"2025-11-28T13:43:11+00:00","twitter_card":"summary_large_image","twitter_misc":{"Estimated reading time":"1 minute"},"schema":{"@context":"https:\/\/schema.org","@graph":[{"@type":"WebPage","@id":"https:\/\/carwash.uhoda.com\/truck-wash\/","url":"https:\/\/carwash.uhoda.com\/truck-wash\/","name":"Truck Wash - UHODA CARWASH","isPartOf":{"@id":"https:\/\/carwash.uhoda.com\/#website"},"primaryImageOfPage":{"@id":"https:\/\/carwash.uhoda.com\/truck-wash\/#primaryimage"},"image":{"@id":"https:\/\/carwash.uhoda.com\/truck-wash\/#primaryimage"},"thumbnailUrl":"https:\/\/carwash.uhoda.com\/wp-content\/uploads\/2025\/07\/Carwash_Icon7.svg","datePublished":"2025-07-24T11:16:13+00:00","dateModified":"2025-11-28T13:43:11+00:00","breadcrumb":{"@id":"https:\/\/carwash.uhoda.com\/truck-wash\/#breadcrumb"},"inLanguage":"en-GB","potentialAction":[{"@type":"ReadAction","target":["https:\/\/carwash.uhoda.com\/truck-wash\/"]}]},{"@type":"ImageObject","inLanguage":"en-GB","@id":"https:\/\/carwash.uhoda.com\/truck-wash\/#primaryimage","url":"https:\/\/carwash.uhoda.com\/wp-content\/uploads\/2025\/07\/Carwash_Icon7.svg","contentUrl":"https:\/\/carwash.uhoda.com\/wp-content\/uploads\/2025\/07\/Carwash_Icon7.svg"},{"@type":"BreadcrumbList","@id":"https:\/\/carwash.uhoda.com\/truck-wash\/#breadcrumb","itemListElement":[{"@type":"ListItem","position":1,"name":"Accueil","item":"https:\/\/carwash.uhoda.com\/"},{"@type":"ListItem","position":2,"name":"Truck Wash"}]},{"@type":"WebSite","@id":"https:\/\/carwash.uhoda.com\/#website","url":"https:\/\/carwash.uhoda.com\/","name":"UHODA CARWASH","description":"","potentialAction":[{"@type":"SearchAction","target":{"@type":"EntryPoint","urlTemplate":"https:\/\/carwash.uhoda.com\/?s={search_term_string}"},"query-input":{"@type":"PropertyValueSpecification","valueRequired":true,"valueName":"search_term_string"}}],"inLanguage":"en-GB"}]}},"_links":{"self":[{"href":"https:\/\/carwash.uhoda.com\/en\/wp-json\/wp\/v2\/pages\/158","targetHints":{"allow":["GET"]}}],"collection":[{"href":"https:\/\/carwash.uhoda.com\/en\/wp-json\/wp\/v2\/pages"}],"about":[{"href":"https:\/\/carwash.uhoda.com\/en\/wp-json\/wp\/v2\/types\/page"}],"author":[{"embeddable":true,"href":"https:\/\/carwash.uhoda.com\/en\/wp-json\/wp\/v2\/users\/1"}],"replies":[{"embeddable":true,"href":"https:\/\/carwash.uhoda.com\/en\/wp-json\/wp\/v2\/comments?post=158"}],"version-history":[{"count":25,"href":"https:\/\/carwash.uhoda.com\/en\/wp-json\/wp\/v2\/pages\/158\/revisions"}],"predecessor-version":[{"id":917,"href":"https:\/\/carwash.uhoda.com\/en\/wp-json\/wp\/v2\/pages\/158\/revisions\/917"}],"wp:attachment":[{"href":"https:\/\/carwash.uhoda.com\/en\/wp-json\/wp\/v2\/media?parent=158"}],"curies":[{"name":"wp","href":"https:\/\/api.w.org\/{rel}","templated":true}]}}